{"id":316,"date":"2023-05-18T17:55:14","date_gmt":"2023-05-18T16:55:14","guid":{"rendered":"https:\/\/parrilladaedreira.com\/?page_id=316"},"modified":"2023-05-19T17:11:01","modified_gmt":"2023-05-19T16:11:01","slug":"nosotros","status":"publish","type":"page","link":"https:\/\/parrilladaedreira.com\/en\/nosotros\/","title":{"rendered":"Nosotros"},"content":{"rendered":"<div class=\"fusion-fullwidth fullwidth-box fusion-builder-row-1 fusion-flex-container has-pattern-background has-mask-background nonhundred-percent-fullwidth non-hundred-percent-height-scrolling\" style=\"--awb-border-radius-top-left:0px;--awb-border-radius-top-right:0px;--awb-border-radius-bottom-right:0px;--awb-border-radius-bottom-left:0px;\" ><div class=\"fusion-builder-row fusion-row fusion-flex-align-items-flex-start fusion-flex-justify-content-center\" style=\"max-width:1248px;margin-left: calc(-4% \/ 2 );margin-right: calc(-4% \/ 2 );\"><div class=\"fusion-layout-column fusion_builder_column fusion-builder-column-0 fusion_builder_column_3_4 3_4 fusion-flex-column fusion-animated\" style=\"--awb-bg-size:cover;--awb-width-large:75%;--awb-margin-top-large:0px;--awb-spacing-right-large:2.56%;--awb-margin-bottom-large:0px;--awb-spacing-left-large:2.56%;--awb-width-medium:75%;--awb-order-medium:0;--awb-spacing-right-medium:2.56%;--awb-spacing-left-medium:2.56%;--awb-width-small:100%;--awb-order-small:0;--awb-spacing-right-small:1.92%;--awb-spacing-left-small:1.92%;\" data-animationtype=\"fadeInLeft\" data-animationduration=\"1.0\" data-animationoffset=\"top-into-view\" data-motion-effects=\"[]\" data-scroll-devices=\"small-visibility,medium-visibility,large-visibility\"><div class=\"fusion-column-wrapper fusion-column-has-shadow fusion-flex-justify-content-flex-start fusion-content-layout-column\"><div class=\"fusion-text fusion-text-1\" style=\"--awb-content-alignment:center;--awb-font-size:var(--awb-typography2-font-size);--awb-line-height:var(--awb-typography2-line-height);--awb-letter-spacing:var(--awb-typography2-letter-spacing);--awb-text-transform:var(--awb-typography2-text-transform);--awb-text-color:var(--awb-color7);--awb-text-font-family:var(--awb-typography2-font-family);--awb-text-font-weight:var(--awb-typography2-font-weight);--awb-text-font-style:var(--awb-typography2-font-style);\"><p>Entre Coru\u00f1a y Fisterra<\/p>\n<\/div><div class=\"fusion-title title fusion-title-1 fusion-sep-none fusion-title-center fusion-title-text fusion-title-size-two\" style=\"--awb-margin-top:0px;--awb-margin-bottom:30px;--awb-font-size:var(--awb-typography1-font-size);\"><h2 class=\"title-heading-center fusion-responsive-typography-calculated\" style=\"font-family:var(--awb-typography1-font-family);font-weight:var(--awb-typography1-font-weight);font-style:var(--awb-typography1-font-style);margin:0;font-size:1em;letter-spacing:var(--awb-typography1-letter-spacing);text-transform:var(--awb-typography1-text-transform);--fontSize:60;line-height:var(--awb-typography1-line-height);\">Visita nuestra Parillada<\/h2><\/div><div class=\"fusion-text fusion-text-2 fusion-text-no-margin\" style=\"--awb-content-alignment:center;--awb-margin-bottom:30px;\"><p>El <strong>Restaurante Edreira<\/strong> cuenta con m\u00e1s de 35 a\u00f1os de experiencia, en los cuales hemos ofrecido a nuestros comensales la mayor calidad gastron\u00f3mica de la zona, a trav\u00e9s de carnes, pescados y mariscos frescos, reci\u00e9n llegados de los mataderos y lonjas cercanos a nuestra ubicaci\u00f3n.<\/p>\n<p>Contamos con un gran comedor, terraza cubierta y un amplio aparcamiento. Si buscas un restaurante para comer en Vimianzo, puedes ponerte en contacto con nosotros para realizar tu reserva.<\/p>\n<\/div><div class=\"fusion-image-carousel fusion-image-carousel-auto fusion-image-carousel-1 lightbox-enabled\"><div class=\"awb-carousel awb-swiper awb-swiper-carousel\" data-autoplay=\"yes\" data-columns=\"2\" data-itemmargin=\"30\" data-itemwidth=\"180\" data-touchscroll=\"no\" data-imagesize=\"auto\" data-scrollitems=\"1\" style=\"--awb-columns:2;--awb-column-spacing:30px;\"><div class=\"swiper-wrapper awb-image-carousel-wrapper fusion-flex-align-items-center\"><div class=\"swiper-slide\"><div class=\"fusion-carousel-item-wrapper\"><div class=\"fusion-image-wrapper hover-type-none\"><a data-rel=\"iLightbox[image_carousel_1]\" data-title=\"pescado-fresco\" aria-label=\"pescado-fresco\" href=\"https:\/\/parrilladaedreira.com\/wp-content\/uploads\/pescado-fresco.jpg\" target=\"_self\"><img decoding=\"async\" width=\"400\" height=\"300\" src=\"https:\/\/parrilladaedreira.com\/wp-content\/uploads\/pescado-fresco.jpg\" class=\"attachment-full size-full\" alt=\"Pescado Fresco\" srcset=\"https:\/\/parrilladaedreira.com\/wp-content\/uploads\/pescado-fresco-200x150.jpg 200w, https:\/\/parrilladaedreira.com\/wp-content\/uploads\/pescado-fresco.jpg 400w\" sizes=\"(min-width: 2200px) 100vw, (min-width: 712px) 585px, (min-width: 640px) 712px, \" \/><\/a><\/div><\/div><\/div><div class=\"swiper-slide\"><div class=\"fusion-carousel-item-wrapper\"><div class=\"fusion-image-wrapper hover-type-none\"><a data-rel=\"iLightbox[image_carousel_1]\" data-title=\"pulpo-gallego\" aria-label=\"pulpo-gallego\" href=\"https:\/\/parrilladaedreira.com\/wp-content\/uploads\/pulpo-gallego.jpg\" target=\"_self\"><img decoding=\"async\" width=\"400\" height=\"300\" src=\"https:\/\/parrilladaedreira.com\/wp-content\/uploads\/pulpo-gallego.jpg\" class=\"attachment-full size-full\" alt=\"\" srcset=\"https:\/\/parrilladaedreira.com\/wp-content\/uploads\/pulpo-gallego-200x150.jpg 200w, https:\/\/parrilladaedreira.com\/wp-content\/uploads\/pulpo-gallego.jpg 400w\" sizes=\"(min-width: 2200px) 100vw, (min-width: 712px) 585px, (min-width: 640px) 712px, \" \/><\/a><\/div><\/div><\/div><div class=\"swiper-slide\"><div class=\"fusion-carousel-item-wrapper\"><div class=\"fusion-image-wrapper hover-type-none\"><a data-rel=\"iLightbox[image_carousel_1]\" data-title=\"ternera-gallega\" aria-label=\"ternera-gallega\" href=\"https:\/\/parrilladaedreira.com\/wp-content\/uploads\/ternera-gallega.jpg\" target=\"_self\"><img decoding=\"async\" width=\"400\" height=\"300\" src=\"https:\/\/parrilladaedreira.com\/wp-content\/uploads\/ternera-gallega.jpg\" class=\"attachment-full size-full\" alt=\"\" srcset=\"https:\/\/parrilladaedreira.com\/wp-content\/uploads\/ternera-gallega-200x150.jpg 200w, https:\/\/parrilladaedreira.com\/wp-content\/uploads\/ternera-gallega.jpg 400w\" sizes=\"(min-width: 2200px) 100vw, (min-width: 712px) 585px, (min-width: 640px) 712px, \" \/><\/a><\/div><\/div><\/div><\/div><div class=\"awb-swiper-button awb-swiper-button-prev\"><i class=\"awb-icon-angle-left\" aria-hidden=\"true\"><\/i><\/div><div class=\"awb-swiper-button awb-swiper-button-next\"><i class=\"awb-icon-angle-right\" aria-hidden=\"true\"><\/i><\/div><\/div><\/div><\/div><\/div><\/div><\/div>","protected":false},"excerpt":{"rendered":"","protected":false},"author":1,"featured_media":0,"parent":0,"menu_order":0,"comment_status":"closed","ping_status":"closed","template":"100-width.php","meta":{"footnotes":""},"class_list":["post-316","page","type-page","status-publish","hentry"],"yoast_head":"<!-- This site is optimized with the Yoast SEO plugin v25.9 - https:\/\/yoast.com\/wordpress\/plugins\/seo\/ -->\n<title>Nosotros | Restaurante Edreira<\/title>\n<meta name=\"description\" content=\"M\u00e1s de 35 a\u00f1os de experiencia, ofreciendo carnes, pescados y mariscos frescos, reci\u00e9n llegados de los mataderos y lonjas cercanos.\" \/>\n<meta name=\"robots\" content=\"index, follow, max-snippet:-1, max-image-preview:large, max-video-preview:-1\" \/>\n<link rel=\"canonical\" href=\"https:\/\/parrilladaedreira.com\/en\/nosotros\/\" \/>\n<meta property=\"og:locale\" content=\"en_GB\" \/>\n<meta property=\"og:type\" content=\"article\" \/>\n<meta property=\"og:title\" content=\"Nosotros | Restaurante Edreira\" \/>\n<meta property=\"og:description\" content=\"M\u00e1s de 35 a\u00f1os de experiencia, ofreciendo carnes, pescados y mariscos frescos, reci\u00e9n llegados de los mataderos y lonjas cercanos.\" \/>\n<meta property=\"og:url\" content=\"https:\/\/parrilladaedreira.com\/en\/nosotros\/\" \/>\n<meta property=\"og:site_name\" content=\"Restaurante Edreira\" \/>\n<meta property=\"article:publisher\" content=\"https:\/\/www.facebook.com\/profile.php?id=100042422663803\" \/>\n<meta property=\"article:modified_time\" content=\"2023-05-19T16:11:01+00:00\" \/>\n<meta name=\"twitter:card\" content=\"summary_large_image\" \/>\n<meta name=\"twitter:label1\" content=\"Estimated reading time\" \/>\n\t<meta name=\"twitter:data1\" content=\"2 minutes\" \/>\n<script type=\"application\/ld+json\" class=\"yoast-schema-graph\">{\"@context\":\"https:\/\/schema.org\",\"@graph\":[{\"@type\":\"WebPage\",\"@id\":\"https:\/\/parrilladaedreira.com\/nosotros\/\",\"url\":\"https:\/\/parrilladaedreira.com\/nosotros\/\",\"name\":\"Nosotros | Restaurante Edreira\",\"isPartOf\":{\"@id\":\"https:\/\/parrilladaedreira.com\/#website\"},\"datePublished\":\"2023-05-18T16:55:14+00:00\",\"dateModified\":\"2023-05-19T16:11:01+00:00\",\"description\":\"M\u00e1s de 35 a\u00f1os de experiencia, ofreciendo carnes, pescados y mariscos frescos, reci\u00e9n llegados de los mataderos y lonjas cercanos.\",\"breadcrumb\":{\"@id\":\"https:\/\/parrilladaedreira.com\/nosotros\/#breadcrumb\"},\"inLanguage\":\"en-GB\",\"potentialAction\":[{\"@type\":\"ReadAction\",\"target\":[\"https:\/\/parrilladaedreira.com\/nosotros\/\"]}]},{\"@type\":\"BreadcrumbList\",\"@id\":\"https:\/\/parrilladaedreira.com\/nosotros\/#breadcrumb\",\"itemListElement\":[{\"@type\":\"ListItem\",\"position\":1,\"name\":\"Portada\",\"item\":\"https:\/\/parrilladaedreira.com\/\"},{\"@type\":\"ListItem\",\"position\":2,\"name\":\"Nosotros\"}]},{\"@type\":\"WebSite\",\"@id\":\"https:\/\/parrilladaedreira.com\/#website\",\"url\":\"https:\/\/parrilladaedreira.com\/\",\"name\":\"Restaurante Edreira\",\"description\":\"Parrillada en Vimianzo, A Coru\u00f1a\",\"publisher\":{\"@id\":\"https:\/\/parrilladaedreira.com\/#organization\"},\"alternateName\":\"Parrillada Edreira\",\"potentialAction\":[{\"@type\":\"SearchAction\",\"target\":{\"@type\":\"EntryPoint\",\"urlTemplate\":\"https:\/\/parrilladaedreira.com\/?s={search_term_string}\"},\"query-input\":{\"@type\":\"PropertyValueSpecification\",\"valueRequired\":true,\"valueName\":\"search_term_string\"}}],\"inLanguage\":\"en-GB\"},{\"@type\":\"Organization\",\"@id\":\"https:\/\/parrilladaedreira.com\/#organization\",\"name\":\"Restaurante Edreira\",\"url\":\"https:\/\/parrilladaedreira.com\/\",\"logo\":{\"@type\":\"ImageObject\",\"inLanguage\":\"en-GB\",\"@id\":\"https:\/\/parrilladaedreira.com\/#\/schema\/logo\/image\/\",\"url\":\"https:\/\/parrilladaedreira.com\/wp-content\/uploads\/restaurante-edreira-logo-@2x.png\",\"contentUrl\":\"https:\/\/parrilladaedreira.com\/wp-content\/uploads\/restaurante-edreira-logo-@2x.png\",\"width\":807,\"height\":336,\"caption\":\"Restaurante Edreira\"},\"image\":{\"@id\":\"https:\/\/parrilladaedreira.com\/#\/schema\/logo\/image\/\"},\"sameAs\":[\"https:\/\/www.facebook.com\/profile.php?id=100042422663803\"]}]}<\/script>\n<!-- \/ Yoast SEO plugin. -->","yoast_head_json":{"title":"Nosotros | Restaurante Edreira","description":"M\u00e1s de 35 a\u00f1os de experiencia, ofreciendo carnes, pescados y mariscos frescos, reci\u00e9n llegados de los mataderos y lonjas cercanos.","robots":{"index":"index","follow":"follow","max-snippet":"max-snippet:-1","max-image-preview":"max-image-preview:large","max-video-preview":"max-video-preview:-1"},"canonical":"https:\/\/parrilladaedreira.com\/en\/nosotros\/","og_locale":"en_GB","og_type":"article","og_title":"Nosotros | Restaurante Edreira","og_description":"M\u00e1s de 35 a\u00f1os de experiencia, ofreciendo carnes, pescados y mariscos frescos, reci\u00e9n llegados de los mataderos y lonjas cercanos.","og_url":"https:\/\/parrilladaedreira.com\/en\/nosotros\/","og_site_name":"Restaurante Edreira","article_publisher":"https:\/\/www.facebook.com\/profile.php?id=100042422663803","article_modified_time":"2023-05-19T16:11:01+00:00","twitter_card":"summary_large_image","twitter_misc":{"Estimated reading time":"2 minutes"},"schema":{"@context":"https:\/\/schema.org","@graph":[{"@type":"WebPage","@id":"https:\/\/parrilladaedreira.com\/nosotros\/","url":"https:\/\/parrilladaedreira.com\/nosotros\/","name":"Nosotros | Restaurante Edreira","isPartOf":{"@id":"https:\/\/parrilladaedreira.com\/#website"},"datePublished":"2023-05-18T16:55:14+00:00","dateModified":"2023-05-19T16:11:01+00:00","description":"M\u00e1s de 35 a\u00f1os de experiencia, ofreciendo carnes, pescados y mariscos frescos, reci\u00e9n llegados de los mataderos y lonjas cercanos.","breadcrumb":{"@id":"https:\/\/parrilladaedreira.com\/nosotros\/#breadcrumb"},"inLanguage":"en-GB","potentialAction":[{"@type":"ReadAction","target":["https:\/\/parrilladaedreira.com\/nosotros\/"]}]},{"@type":"BreadcrumbList","@id":"https:\/\/parrilladaedreira.com\/nosotros\/#breadcrumb","itemListElement":[{"@type":"ListItem","position":1,"name":"Portada","item":"https:\/\/parrilladaedreira.com\/"},{"@type":"ListItem","position":2,"name":"Nosotros"}]},{"@type":"WebSite","@id":"https:\/\/parrilladaedreira.com\/#website","url":"https:\/\/parrilladaedreira.com\/","name":"Restaurante Edreira","description":"Parrillada en Vimianzo, A Coru\u00f1a","publisher":{"@id":"https:\/\/parrilladaedreira.com\/#organization"},"alternateName":"Parrillada Edreira","potentialAction":[{"@type":"SearchAction","target":{"@type":"EntryPoint","urlTemplate":"https:\/\/parrilladaedreira.com\/?s={search_term_string}"},"query-input":{"@type":"PropertyValueSpecification","valueRequired":true,"valueName":"search_term_string"}}],"inLanguage":"en-GB"},{"@type":"Organization","@id":"https:\/\/parrilladaedreira.com\/#organization","name":"Restaurante Edreira","url":"https:\/\/parrilladaedreira.com\/","logo":{"@type":"ImageObject","inLanguage":"en-GB","@id":"https:\/\/parrilladaedreira.com\/#\/schema\/logo\/image\/","url":"https:\/\/parrilladaedreira.com\/wp-content\/uploads\/restaurante-edreira-logo-@2x.png","contentUrl":"https:\/\/parrilladaedreira.com\/wp-content\/uploads\/restaurante-edreira-logo-@2x.png","width":807,"height":336,"caption":"Restaurante Edreira"},"image":{"@id":"https:\/\/parrilladaedreira.com\/#\/schema\/logo\/image\/"},"sameAs":["https:\/\/www.facebook.com\/profile.php?id=100042422663803"]}]}},"_links":{"self":[{"href":"https:\/\/parrilladaedreira.com\/en\/wp-json\/wp\/v2\/pages\/316","targetHints":{"allow":["GET"]}}],"collection":[{"href":"https:\/\/parrilladaedreira.com\/en\/wp-json\/wp\/v2\/pages"}],"about":[{"href":"https:\/\/parrilladaedreira.com\/en\/wp-json\/wp\/v2\/types\/page"}],"author":[{"embeddable":true,"href":"https:\/\/parrilladaedreira.com\/en\/wp-json\/wp\/v2\/users\/1"}],"replies":[{"embeddable":true,"href":"https:\/\/parrilladaedreira.com\/en\/wp-json\/wp\/v2\/comments?post=316"}],"version-history":[{"count":9,"href":"https:\/\/parrilladaedreira.com\/en\/wp-json\/wp\/v2\/pages\/316\/revisions"}],"predecessor-version":[{"id":410,"href":"https:\/\/parrilladaedreira.com\/en\/wp-json\/wp\/v2\/pages\/316\/revisions\/410"}],"wp:attachment":[{"href":"https:\/\/parrilladaedreira.com\/en\/wp-json\/wp\/v2\/media?parent=316"}],"curies":[{"name":"wp","href":"https:\/\/api.w.org\/{rel}","templated":true}]}}