{"id":289,"date":"2023-05-18T17:43:28","date_gmt":"2023-05-18T16:43:28","guid":{"rendered":"https:\/\/parrilladaedreira.com\/?page_id=289"},"modified":"2023-05-19T17:04:31","modified_gmt":"2023-05-19T16:04:31","slug":"aviso-legal","status":"publish","type":"page","link":"https:\/\/parrilladaedreira.com\/en\/aviso-legal\/","title":{"rendered":"Aviso Legal"},"content":{"rendered":"<div class=\"fusion-fullwidth fullwidth-box fusion-builder-row-1 fusion-flex-container has-pattern-background has-mask-background nonhundred-percent-fullwidth non-hundred-percent-height-scrolling\" style=\"--awb-border-radius-top-left:0px;--awb-border-radius-top-right:0px;--awb-border-radius-bottom-right:0px;--awb-border-radius-bottom-left:0px;\" ><div class=\"fusion-builder-row fusion-row fusion-flex-align-items-flex-start\" style=\"max-width:1248px;margin-left: calc(-4% \/ 2 );margin-right: calc(-4% \/ 2 );\"><div class=\"fusion-layout-column fusion_builder_column fusion-builder-column-0 fusion_builder_column_1_1 1_1 fusion-flex-column\" style=\"--awb-bg-size:cover;--awb-width-large:100%;--awb-margin-top-large:0px;--awb-spacing-right-large:1.92%;--awb-margin-bottom-large:0px;--awb-spacing-left-large:1.92%;--awb-width-medium:100%;--awb-order-medium:0;--awb-spacing-right-medium:1.92%;--awb-spacing-left-medium:1.92%;--awb-width-small:100%;--awb-order-small:0;--awb-spacing-right-small:1.92%;--awb-spacing-left-small:1.92%;\"><div class=\"fusion-column-wrapper fusion-column-has-shadow fusion-flex-justify-content-flex-start fusion-content-layout-column\"><div class=\"fusion-text fusion-text-1\"><p><strong>Informaci\u00f3n General<\/strong><\/p>\n<p>El titular de este sitio web es EDREIRA PEREZ, DAVID, con CIF 47367168W y domicilio sito en Ogas, 21, 15129 &#8211; Vimianzo (A Coru\u00f1a)<\/p>\n<p>Con \u00e1nimo de que el uso del Sito Web se ajuste a criterios de transparencia, claridad y sencillez, EDREIRA PEREZ, DAVID. informa al usuario que cualquier sugerencia, duda o consulta sobre el presente Aviso Legal o cualquier otro documento informativo del sitio web ser\u00e1 recibida y solucionada contactando con EDREIRA PEREZ, DAVID, a trav\u00e9s de la direcci\u00f3n de correo electr\u00f3nica: info@parrilladaedreira.com<\/p>\n<p><strong>Propiedad Intelectual<\/strong><\/p>\n<p>Todos los contenidos que se muestran en el presente sitio web, y en especial dise\u00f1os, textos, im\u00e1genes, logos, iconos, nombres comerciales, marcas o cualquier otra informaci\u00f3n susceptible de utilizaci\u00f3n industrial y\/o comercial est\u00e1n protegidos por los correspondientes derechos de autor, no permitiendo su reproducci\u00f3n, transmisi\u00f3n o registro de informaci\u00f3n salvo autorizaci\u00f3n previa del titular, EDREIRA PEREZ, DAVID. No obstante, el usuario podr\u00e1 utilizar informaci\u00f3n facilitada para gestionar su pedido y los datos de contacto correspondientes.<\/p>\n<p><strong>Enlaces<\/strong><\/p>\n<p>EDREIRA PEREZ, DAVID, no asume ninguna responsabilidad sobre los enlaces hac\u00eda otros sitios o p\u00e1ginas web que, en su caso, pudieran incluirse en el mismo, ya que no tiene ning\u00fan tipo de control sobre los mismos, por lo que el usuario accede bajo su exclusiva responsabilidad al contenido y en las condiciones de uso que rijan en los mismos.<\/p>\n<\/div><\/div><\/div><\/div><\/div>","protected":false},"excerpt":{"rendered":"","protected":false},"author":1,"featured_media":0,"parent":0,"menu_order":0,"comment_status":"closed","ping_status":"closed","template":"100-width.php","meta":{"footnotes":""},"class_list":["post-289","page","type-page","status-publish","hentry"],"yoast_head":"<!-- This site is optimized with the Yoast SEO plugin v25.9 - https:\/\/yoast.com\/wordpress\/plugins\/seo\/ -->\n<title>Aviso Legal | Restaurante Edreira<\/title>\n<meta name=\"robots\" content=\"noindex, follow\" \/>\n<meta property=\"og:locale\" content=\"en_GB\" \/>\n<meta property=\"og:type\" content=\"article\" \/>\n<meta property=\"og:title\" content=\"Aviso Legal | Restaurante Edreira\" \/>\n<meta property=\"og:url\" content=\"https:\/\/parrilladaedreira.com\/en\/aviso-legal\/\" \/>\n<meta property=\"og:site_name\" content=\"Restaurante Edreira\" \/>\n<meta property=\"article:publisher\" content=\"https:\/\/www.facebook.com\/profile.php?id=100042422663803\" \/>\n<meta property=\"article:modified_time\" content=\"2023-05-19T16:04:31+00:00\" \/>\n<meta name=\"twitter:card\" content=\"summary_large_image\" \/>\n<meta name=\"twitter:label1\" content=\"Estimated reading time\" \/>\n\t<meta name=\"twitter:data1\" content=\"3 minutes\" \/>\n<script type=\"application\/ld+json\" class=\"yoast-schema-graph\">{\"@context\":\"https:\/\/schema.org\",\"@graph\":[{\"@type\":\"WebPage\",\"@id\":\"https:\/\/parrilladaedreira.com\/aviso-legal\/\",\"url\":\"https:\/\/parrilladaedreira.com\/aviso-legal\/\",\"name\":\"Aviso Legal | Restaurante Edreira\",\"isPartOf\":{\"@id\":\"https:\/\/parrilladaedreira.com\/#website\"},\"datePublished\":\"2023-05-18T16:43:28+00:00\",\"dateModified\":\"2023-05-19T16:04:31+00:00\",\"breadcrumb\":{\"@id\":\"https:\/\/parrilladaedreira.com\/aviso-legal\/#breadcrumb\"},\"inLanguage\":\"en-GB\",\"potentialAction\":[{\"@type\":\"ReadAction\",\"target\":[\"https:\/\/parrilladaedreira.com\/aviso-legal\/\"]}]},{\"@type\":\"BreadcrumbList\",\"@id\":\"https:\/\/parrilladaedreira.com\/aviso-legal\/#breadcrumb\",\"itemListElement\":[{\"@type\":\"ListItem\",\"position\":1,\"name\":\"Portada\",\"item\":\"https:\/\/parrilladaedreira.com\/\"},{\"@type\":\"ListItem\",\"position\":2,\"name\":\"Aviso Legal\"}]},{\"@type\":\"WebSite\",\"@id\":\"https:\/\/parrilladaedreira.com\/#website\",\"url\":\"https:\/\/parrilladaedreira.com\/\",\"name\":\"Restaurante Edreira\",\"description\":\"Parrillada en Vimianzo, A Coru\u00f1a\",\"publisher\":{\"@id\":\"https:\/\/parrilladaedreira.com\/#organization\"},\"alternateName\":\"Parrillada Edreira\",\"potentialAction\":[{\"@type\":\"SearchAction\",\"target\":{\"@type\":\"EntryPoint\",\"urlTemplate\":\"https:\/\/parrilladaedreira.com\/?s={search_term_string}\"},\"query-input\":{\"@type\":\"PropertyValueSpecification\",\"valueRequired\":true,\"valueName\":\"search_term_string\"}}],\"inLanguage\":\"en-GB\"},{\"@type\":\"Organization\",\"@id\":\"https:\/\/parrilladaedreira.com\/#organization\",\"name\":\"Restaurante Edreira\",\"url\":\"https:\/\/parrilladaedreira.com\/\",\"logo\":{\"@type\":\"ImageObject\",\"inLanguage\":\"en-GB\",\"@id\":\"https:\/\/parrilladaedreira.com\/#\/schema\/logo\/image\/\",\"url\":\"https:\/\/parrilladaedreira.com\/wp-content\/uploads\/restaurante-edreira-logo-@2x.png\",\"contentUrl\":\"https:\/\/parrilladaedreira.com\/wp-content\/uploads\/restaurante-edreira-logo-@2x.png\",\"width\":807,\"height\":336,\"caption\":\"Restaurante Edreira\"},\"image\":{\"@id\":\"https:\/\/parrilladaedreira.com\/#\/schema\/logo\/image\/\"},\"sameAs\":[\"https:\/\/www.facebook.com\/profile.php?id=100042422663803\"]}]}<\/script>\n<!-- \/ Yoast SEO plugin. -->","yoast_head_json":{"title":"Aviso Legal | Restaurante Edreira","robots":{"index":"noindex","follow":"follow"},"og_locale":"en_GB","og_type":"article","og_title":"Aviso Legal | Restaurante Edreira","og_url":"https:\/\/parrilladaedreira.com\/en\/aviso-legal\/","og_site_name":"Restaurante Edreira","article_publisher":"https:\/\/www.facebook.com\/profile.php?id=100042422663803","article_modified_time":"2023-05-19T16:04:31+00:00","twitter_card":"summary_large_image","twitter_misc":{"Estimated reading time":"3 minutes"},"schema":{"@context":"https:\/\/schema.org","@graph":[{"@type":"WebPage","@id":"https:\/\/parrilladaedreira.com\/aviso-legal\/","url":"https:\/\/parrilladaedreira.com\/aviso-legal\/","name":"Aviso Legal | Restaurante Edreira","isPartOf":{"@id":"https:\/\/parrilladaedreira.com\/#website"},"datePublished":"2023-05-18T16:43:28+00:00","dateModified":"2023-05-19T16:04:31+00:00","breadcrumb":{"@id":"https:\/\/parrilladaedreira.com\/aviso-legal\/#breadcrumb"},"inLanguage":"en-GB","potentialAction":[{"@type":"ReadAction","target":["https:\/\/parrilladaedreira.com\/aviso-legal\/"]}]},{"@type":"BreadcrumbList","@id":"https:\/\/parrilladaedreira.com\/aviso-legal\/#breadcrumb","itemListElement":[{"@type":"ListItem","position":1,"name":"Portada","item":"https:\/\/parrilladaedreira.com\/"},{"@type":"ListItem","position":2,"name":"Aviso Legal"}]},{"@type":"WebSite","@id":"https:\/\/parrilladaedreira.com\/#website","url":"https:\/\/parrilladaedreira.com\/","name":"Restaurante Edreira","description":"Parrillada en Vimianzo, A Coru\u00f1a","publisher":{"@id":"https:\/\/parrilladaedreira.com\/#organization"},"alternateName":"Parrillada Edreira","potentialAction":[{"@type":"SearchAction","target":{"@type":"EntryPoint","urlTemplate":"https:\/\/parrilladaedreira.com\/?s={search_term_string}"},"query-input":{"@type":"PropertyValueSpecification","valueRequired":true,"valueName":"search_term_string"}}],"inLanguage":"en-GB"},{"@type":"Organization","@id":"https:\/\/parrilladaedreira.com\/#organization","name":"Restaurante Edreira","url":"https:\/\/parrilladaedreira.com\/","logo":{"@type":"ImageObject","inLanguage":"en-GB","@id":"https:\/\/parrilladaedreira.com\/#\/schema\/logo\/image\/","url":"https:\/\/parrilladaedreira.com\/wp-content\/uploads\/restaurante-edreira-logo-@2x.png","contentUrl":"https:\/\/parrilladaedreira.com\/wp-content\/uploads\/restaurante-edreira-logo-@2x.png","width":807,"height":336,"caption":"Restaurante Edreira"},"image":{"@id":"https:\/\/parrilladaedreira.com\/#\/schema\/logo\/image\/"},"sameAs":["https:\/\/www.facebook.com\/profile.php?id=100042422663803"]}]}},"_links":{"self":[{"href":"https:\/\/parrilladaedreira.com\/en\/wp-json\/wp\/v2\/pages\/289","targetHints":{"allow":["GET"]}}],"collection":[{"href":"https:\/\/parrilladaedreira.com\/en\/wp-json\/wp\/v2\/pages"}],"about":[{"href":"https:\/\/parrilladaedreira.com\/en\/wp-json\/wp\/v2\/types\/page"}],"author":[{"embeddable":true,"href":"https:\/\/parrilladaedreira.com\/en\/wp-json\/wp\/v2\/users\/1"}],"replies":[{"embeddable":true,"href":"https:\/\/parrilladaedreira.com\/en\/wp-json\/wp\/v2\/comments?post=289"}],"version-history":[{"count":2,"href":"https:\/\/parrilladaedreira.com\/en\/wp-json\/wp\/v2\/pages\/289\/revisions"}],"predecessor-version":[{"id":411,"href":"https:\/\/parrilladaedreira.com\/en\/wp-json\/wp\/v2\/pages\/289\/revisions\/411"}],"wp:attachment":[{"href":"https:\/\/parrilladaedreira.com\/en\/wp-json\/wp\/v2\/media?parent=289"}],"curies":[{"name":"wp","href":"https:\/\/api.w.org\/{rel}","templated":true}]}}